{"id":654,"date":"2024-01-06T13:23:06","date_gmt":"2024-01-06T12:23:06","guid":{"rendered":"https:\/\/matthiasdaehling.com\/?page_id=654"},"modified":"2026-04-24T14:41:22","modified_gmt":"2026-04-24T12:41:22","slug":"vita","status":"publish","type":"page","link":"https:\/\/matthiasdaehling.com\/en\/vita\/","title":{"rendered":"Biography"},"content":{"rendered":"<div class=\"wp-block-media-text has-media-on-the-right is-stacked-on-mobile is-image-fill-element\" style=\"grid-template-columns:auto 55%\"><div class=\"wp-block-media-text__content\">\n<p style=\"line-height:1.5\">Matthias Daehling is a Samling artist, acclaimed both as a soloist and ensemble singer. He works regularly with Ulla Groenewold in Hamburg and graduated\nwith distinction from the Royal College of Music in London in 2023, studying with Sally Burgess and receiving further guidance from Michael Chance.\u00a0<\/p>\n\n\n\n<p style=\"font-style:normal;font-weight:400;line-height:1.5\">Recent highlights include Monteverdi\u2019s \u201cL\u2019Orfeo\u201d with lautten compagney Berlin under Wolfgang Katschner, and performances at venues such as Palau de la M\u00fasica Catalana in Barcelona, St Martin-in-the-Fields in London, Vienna\u2019s Stephansdom, and the Elbphilharmonie in Hamburg, where he sang J.S. Bach\u2019s \u2018Magnificat\u2019.&nbsp;<\/p>\n<\/div><figure class=\"wp-block-media-text__media\"><img loading=\"lazy\" decoding=\"async\" width=\"683\" height=\"1024\" src=\"https:\/\/matthiasdaehling.com\/wp-content\/uploads\/2024\/01\/165-BW-PREVIEW-Matthias-Daehling-Mar-2023-683x1024.jpg\" alt=\"\" class=\"wp-image-739 size-full\" style=\"object-position:37% 34%\" srcset=\"https:\/\/matthiasdaehling.com\/wp-content\/uploads\/2024\/01\/165-BW-PREVIEW-Matthias-Daehling-Mar-2023-683x1024.jpg 683w, https:\/\/matthiasdaehling.com\/wp-content\/uploads\/2024\/01\/165-BW-PREVIEW-Matthias-Daehling-Mar-2023-200x300.jpg 200w, https:\/\/matthiasdaehling.com\/wp-content\/uploads\/2024\/01\/165-BW-PREVIEW-Matthias-Daehling-Mar-2023-scaled-8x12.jpg 8w, https:\/\/matthiasdaehling.com\/wp-content\/uploads\/2024\/01\/165-BW-PREVIEW-Matthias-Daehling-Mar-2023-scaled.jpg 1708w\" sizes=\"auto, (max-width: 683px) 100vw, 683px\" \/><\/figure><\/div>\n\n\n\n<div style=\"height:var(--wp--preset--spacing--x-small)\" aria-hidden=\"true\" class=\"wp-block-spacer\"><\/div>\n\n\n\n<p class=\"has-text-align-left\" style=\"font-style:normal;font-weight:400;line-height:1.5\">Matthias is passionate about song repertoire and raising the profile of the countertenor voice in this field. He appeared in song recitals at Wigmore Hall London and Salle Cortot Paris. As an ensemble singer, he collaborates regularly with renowned ensembles including Vox Luminis and Balthasar Neumann Choir, and has sung under distinguished conductors such as Sir John Eliot Gardiner, Lionel Meunier, and Thomas Hengelbrock. His artistry is documented in several CD recordings, among them releases with the Neumeyer Consort under Felix Koch.&nbsp;<\/p>\n\n\n\n<p>Matthias made his stage debut in 2021 at the Bavarian State Opera in Shostakovich\u2019s \u201cThe Nose\u201d under Vladimir Jurowski, returning for the 2023\/24 season.\u00a0<\/p>\n\n\n\n<p class=\"has-text-align-left\">A native of Hamburg, he completed his Bachelor\u2019s degree in Viola and in Singing in his hometown at the Hochschule f\u00fcr Musik und Theater (University of Music and Theatre Hamburg), studying with Boris Faust and Mark Tucker. He received multiple scholarships and awards throughout his academic career.\u00a0<\/p>","protected":false},"excerpt":{"rendered":"<p>Matthias D\u00e4hling ist ein Samling Artist und als Countertenor solistisch sowie als Ensembles\u00e4nger in Deutschland und im europ\u00e4ischen Ausland gefragt. Matthias erh\u00e4lt seit 2016 seine s\u00e4ngerische Ausbildung bei Ulla Groenewold in Hamburg. 2023 schloss er sein Studium am Royal College of Music in London bei Sally Burgess mit Auszeichnung ab. Au\u00dferdem vertiefte er seine Gesangsausbildung &hellip; <\/p>\n<p class=\"link-more\"><a href=\"https:\/\/matthiasdaehling.com\/en\/vita\/\" class=\"more-link\">Read more<span class=\"screen-reader-text\"> &#8222;Vita&#8220;<\/span><\/a><\/p>","protected":false},"author":1,"featured_media":0,"parent":0,"menu_order":0,"comment_status":"closed","ping_status":"closed","template":"","meta":{"inspiro_hide_title":false,"footnotes":""},"class_list":["post-654","page","type-page","status-publish","hentry"],"_links":{"self":[{"href":"https:\/\/matthiasdaehling.com\/en\/wp-json\/wp\/v2\/pages\/654","targetHints":{"allow":["GET"]}}],"collection":[{"href":"https:\/\/matthiasdaehling.com\/en\/wp-json\/wp\/v2\/pages"}],"about":[{"href":"https:\/\/matthiasdaehling.com\/en\/wp-json\/wp\/v2\/types\/page"}],"author":[{"embeddable":true,"href":"https:\/\/matthiasdaehling.com\/en\/wp-json\/wp\/v2\/users\/1"}],"replies":[{"embeddable":true,"href":"https:\/\/matthiasdaehling.com\/en\/wp-json\/wp\/v2\/comments?post=654"}],"version-history":[{"count":17,"href":"https:\/\/matthiasdaehling.com\/en\/wp-json\/wp\/v2\/pages\/654\/revisions"}],"predecessor-version":[{"id":1054,"href":"https:\/\/matthiasdaehling.com\/en\/wp-json\/wp\/v2\/pages\/654\/revisions\/1054"}],"wp:attachment":[{"href":"https:\/\/matthiasdaehling.com\/en\/wp-json\/wp\/v2\/media?parent=654"}],"curies":[{"name":"wp","href":"https:\/\/api.w.org\/{rel}","templated":true}]}}