{"id":672,"date":"2024-01-06T13:39:57","date_gmt":"2024-01-06T12:39:57","guid":{"rendered":"https:\/\/matthiasdaehling.com\/?page_id=672"},"modified":"2024-06-13T21:23:35","modified_gmt":"2024-06-13T19:23:35","slug":"media","status":"publish","type":"page","link":"https:\/\/matthiasdaehling.com\/en\/media\/","title":{"rendered":"Media"},"content":{"rendered":"<figure class=\"wp-block-gallery has-nested-images columns-2 is-cropped wp-block-gallery-1 is-layout-flex wp-block-gallery-is-layout-flex\">\n<figure class=\"wp-block-image size-large\"><a href=\"https:\/\/matthiasdaehling.com\/wp-content\/uploads\/2023\/07\/Kontakt-scaled.jpg\" target=\"_blank\" rel=\"noopener\"><img loading=\"lazy\" decoding=\"async\" width=\"1024\" height=\"683\" data-id=\"528\" src=\"https:\/\/matthiasdaehling.com\/wp-content\/uploads\/2023\/07\/Kontakt-1024x683.jpg\" alt=\"\" class=\"wp-image-528\" srcset=\"https:\/\/matthiasdaehling.com\/wp-content\/uploads\/2023\/07\/Kontakt-1024x683.jpg 1024w, https:\/\/matthiasdaehling.com\/wp-content\/uploads\/2023\/07\/Kontakt-300x200.jpg 300w, https:\/\/matthiasdaehling.com\/wp-content\/uploads\/2023\/07\/Kontakt-768x512.jpg 768w, https:\/\/matthiasdaehling.com\/wp-content\/uploads\/2023\/07\/Kontakt-391x260.jpg 391w, https:\/\/matthiasdaehling.com\/wp-content\/uploads\/2023\/07\/Kontakt-1536x1025.jpg 1536w, https:\/\/matthiasdaehling.com\/wp-content\/uploads\/2023\/07\/Kontakt-2048x1366.jpg 2048w, https:\/\/matthiasdaehling.com\/wp-content\/uploads\/2023\/07\/Kontakt-18x12.jpg 18w\" sizes=\"auto, (max-width: 1024px) 100vw, 1024px\" \/><\/a><\/figure>\n\n\n\n<figure class=\"wp-block-image size-large\"><a href=\"https:\/\/matthiasdaehling.com\/wp-content\/uploads\/2023\/07\/149-PREVIEW-Matthias-Daehling-Mar-2023-scaled.jpg\" target=\"_blank\" rel=\"noopener\"><img loading=\"lazy\" decoding=\"async\" width=\"1024\" height=\"683\" data-id=\"543\" src=\"https:\/\/matthiasdaehling.com\/wp-content\/uploads\/2023\/07\/149-PREVIEW-Matthias-Daehling-Mar-2023-1024x683.jpg\" alt=\"\" class=\"wp-image-543\" srcset=\"https:\/\/matthiasdaehling.com\/wp-content\/uploads\/2023\/07\/149-PREVIEW-Matthias-Daehling-Mar-2023-1024x683.jpg 1024w, https:\/\/matthiasdaehling.com\/wp-content\/uploads\/2023\/07\/149-PREVIEW-Matthias-Daehling-Mar-2023-300x200.jpg 300w, https:\/\/matthiasdaehling.com\/wp-content\/uploads\/2023\/07\/149-PREVIEW-Matthias-Daehling-Mar-2023-768x512.jpg 768w, https:\/\/matthiasdaehling.com\/wp-content\/uploads\/2023\/07\/149-PREVIEW-Matthias-Daehling-Mar-2023-391x260.jpg 391w, https:\/\/matthiasdaehling.com\/wp-content\/uploads\/2023\/07\/149-PREVIEW-Matthias-Daehling-Mar-2023-1536x1025.jpg 1536w, https:\/\/matthiasdaehling.com\/wp-content\/uploads\/2023\/07\/149-PREVIEW-Matthias-Daehling-Mar-2023-2048x1366.jpg 2048w, https:\/\/matthiasdaehling.com\/wp-content\/uploads\/2023\/07\/149-PREVIEW-Matthias-Daehling-Mar-2023-18x12.jpg 18w\" sizes=\"auto, (max-width: 1024px) 100vw, 1024px\" \/><\/a><\/figure>\n\n\n\n<figure class=\"wp-block-image size-large\"><a href=\"https:\/\/matthiasdaehling.com\/wp-content\/uploads\/2023\/07\/214-PREVIEW-Matthias-Daehling-Mar-2023-scaled.jpg\" target=\"_blank\" rel=\"noopener\"><img loading=\"lazy\" decoding=\"async\" width=\"1024\" height=\"683\" data-id=\"544\" src=\"https:\/\/matthiasdaehling.com\/wp-content\/uploads\/2023\/07\/214-PREVIEW-Matthias-Daehling-Mar-2023-1024x683.jpg\" alt=\"\" class=\"wp-image-544\" srcset=\"https:\/\/matthiasdaehling.com\/wp-content\/uploads\/2023\/07\/214-PREVIEW-Matthias-Daehling-Mar-2023-1024x683.jpg 1024w, https:\/\/matthiasdaehling.com\/wp-content\/uploads\/2023\/07\/214-PREVIEW-Matthias-Daehling-Mar-2023-300x200.jpg 300w, https:\/\/matthiasdaehling.com\/wp-content\/uploads\/2023\/07\/214-PREVIEW-Matthias-Daehling-Mar-2023-768x512.jpg 768w, https:\/\/matthiasdaehling.com\/wp-content\/uploads\/2023\/07\/214-PREVIEW-Matthias-Daehling-Mar-2023-391x260.jpg 391w, https:\/\/matthiasdaehling.com\/wp-content\/uploads\/2023\/07\/214-PREVIEW-Matthias-Daehling-Mar-2023-1536x1025.jpg 1536w, https:\/\/matthiasdaehling.com\/wp-content\/uploads\/2023\/07\/214-PREVIEW-Matthias-Daehling-Mar-2023-2048x1366.jpg 2048w, https:\/\/matthiasdaehling.com\/wp-content\/uploads\/2023\/07\/214-PREVIEW-Matthias-Daehling-Mar-2023-18x12.jpg 18w\" sizes=\"auto, (max-width: 1024px) 100vw, 1024px\" \/><\/a><\/figure>\n\n\n\n<figure class=\"wp-block-image size-large\"><a href=\"https:\/\/matthiasdaehling.com\/wp-content\/uploads\/2023\/07\/310-PREVIEW-Matthias-Daehling-Mar-2023-scaled.jpg\" target=\"_blank\" rel=\"noopener\"><img loading=\"lazy\" decoding=\"async\" width=\"1024\" height=\"683\" data-id=\"546\" src=\"https:\/\/matthiasdaehling.com\/wp-content\/uploads\/2023\/07\/310-PREVIEW-Matthias-Daehling-Mar-2023-1024x683.jpg\" alt=\"\" class=\"wp-image-546\" srcset=\"https:\/\/matthiasdaehling.com\/wp-content\/uploads\/2023\/07\/310-PREVIEW-Matthias-Daehling-Mar-2023-1024x683.jpg 1024w, https:\/\/matthiasdaehling.com\/wp-content\/uploads\/2023\/07\/310-PREVIEW-Matthias-Daehling-Mar-2023-300x200.jpg 300w, https:\/\/matthiasdaehling.com\/wp-content\/uploads\/2023\/07\/310-PREVIEW-Matthias-Daehling-Mar-2023-768x512.jpg 768w, https:\/\/matthiasdaehling.com\/wp-content\/uploads\/2023\/07\/310-PREVIEW-Matthias-Daehling-Mar-2023-391x260.jpg 391w, https:\/\/matthiasdaehling.com\/wp-content\/uploads\/2023\/07\/310-PREVIEW-Matthias-Daehling-Mar-2023-1536x1025.jpg 1536w, https:\/\/matthiasdaehling.com\/wp-content\/uploads\/2023\/07\/310-PREVIEW-Matthias-Daehling-Mar-2023-2048x1366.jpg 2048w, https:\/\/matthiasdaehling.com\/wp-content\/uploads\/2023\/07\/310-PREVIEW-Matthias-Daehling-Mar-2023-18x12.jpg 18w\" sizes=\"auto, (max-width: 1024px) 100vw, 1024px\" \/><\/a><\/figure>\n\n\n\n<figure class=\"wp-block-image size-large\"><a href=\"https:\/\/matthiasdaehling.com\/wp-content\/uploads\/2023\/07\/M-fav-22-Matthias-Daehling-Mar-2023-scaled.jpg\" target=\"_blank\" rel=\"noopener\"><img loading=\"lazy\" decoding=\"async\" width=\"1024\" height=\"683\" data-id=\"552\" src=\"https:\/\/matthiasdaehling.com\/wp-content\/uploads\/2023\/07\/M-fav-22-Matthias-Daehling-Mar-2023-1024x683.jpg\" alt=\"\" class=\"wp-image-552\" srcset=\"https:\/\/matthiasdaehling.com\/wp-content\/uploads\/2023\/07\/M-fav-22-Matthias-Daehling-Mar-2023-1024x683.jpg 1024w, https:\/\/matthiasdaehling.com\/wp-content\/uploads\/2023\/07\/M-fav-22-Matthias-Daehling-Mar-2023-300x200.jpg 300w, https:\/\/matthiasdaehling.com\/wp-content\/uploads\/2023\/07\/M-fav-22-Matthias-Daehling-Mar-2023-768x512.jpg 768w, https:\/\/matthiasdaehling.com\/wp-content\/uploads\/2023\/07\/M-fav-22-Matthias-Daehling-Mar-2023-391x260.jpg 391w, https:\/\/matthiasdaehling.com\/wp-content\/uploads\/2023\/07\/M-fav-22-Matthias-Daehling-Mar-2023-1536x1025.jpg 1536w, https:\/\/matthiasdaehling.com\/wp-content\/uploads\/2023\/07\/M-fav-22-Matthias-Daehling-Mar-2023-2048x1366.jpg 2048w, https:\/\/matthiasdaehling.com\/wp-content\/uploads\/2023\/07\/M-fav-22-Matthias-Daehling-Mar-2023-18x12.jpg 18w\" sizes=\"auto, (max-width: 1024px) 100vw, 1024px\" \/><\/a><\/figure>\n\n\n\n<figure class=\"wp-block-image size-large\"><a href=\"https:\/\/matthiasdaehling.com\/wp-content\/uploads\/2023\/07\/M-fav-18-Matthias-Daehling-Mar-2023-scaled.jpg\" target=\"_blank\" rel=\"noopener\"><img loading=\"lazy\" decoding=\"async\" width=\"1024\" height=\"683\" data-id=\"551\" src=\"https:\/\/matthiasdaehling.com\/wp-content\/uploads\/2023\/07\/M-fav-18-Matthias-Daehling-Mar-2023-1024x683.jpg\" alt=\"\" class=\"wp-image-551\" srcset=\"https:\/\/matthiasdaehling.com\/wp-content\/uploads\/2023\/07\/M-fav-18-Matthias-Daehling-Mar-2023-1024x683.jpg 1024w, https:\/\/matthiasdaehling.com\/wp-content\/uploads\/2023\/07\/M-fav-18-Matthias-Daehling-Mar-2023-300x200.jpg 300w, https:\/\/matthiasdaehling.com\/wp-content\/uploads\/2023\/07\/M-fav-18-Matthias-Daehling-Mar-2023-768x512.jpg 768w, https:\/\/matthiasdaehling.com\/wp-content\/uploads\/2023\/07\/M-fav-18-Matthias-Daehling-Mar-2023-391x260.jpg 391w, https:\/\/matthiasdaehling.com\/wp-content\/uploads\/2023\/07\/M-fav-18-Matthias-Daehling-Mar-2023-1536x1025.jpg 1536w, https:\/\/matthiasdaehling.com\/wp-content\/uploads\/2023\/07\/M-fav-18-Matthias-Daehling-Mar-2023-2048x1366.jpg 2048w, https:\/\/matthiasdaehling.com\/wp-content\/uploads\/2023\/07\/M-fav-18-Matthias-Daehling-Mar-2023-18x12.jpg 18w\" sizes=\"auto, (max-width: 1024px) 100vw, 1024px\" \/><\/a><\/figure>\n\n\n\n<figure class=\"wp-block-image size-large\"><a href=\"https:\/\/matthiasdaehling.com\/wp-content\/uploads\/2023\/07\/M-fav-14-Matthias-Daehling-Mar-2023-scaled.jpg\" target=\"_blank\" rel=\"noopener\"><img loading=\"lazy\" decoding=\"async\" width=\"1024\" height=\"683\" data-id=\"550\" src=\"https:\/\/matthiasdaehling.com\/wp-content\/uploads\/2023\/07\/M-fav-14-Matthias-Daehling-Mar-2023-1024x683.jpg\" alt=\"\" class=\"wp-image-550\" srcset=\"https:\/\/matthiasdaehling.com\/wp-content\/uploads\/2023\/07\/M-fav-14-Matthias-Daehling-Mar-2023-1024x683.jpg 1024w, https:\/\/matthiasdaehling.com\/wp-content\/uploads\/2023\/07\/M-fav-14-Matthias-Daehling-Mar-2023-300x200.jpg 300w, https:\/\/matthiasdaehling.com\/wp-content\/uploads\/2023\/07\/M-fav-14-Matthias-Daehling-Mar-2023-768x512.jpg 768w, https:\/\/matthiasdaehling.com\/wp-content\/uploads\/2023\/07\/M-fav-14-Matthias-Daehling-Mar-2023-391x260.jpg 391w, https:\/\/matthiasdaehling.com\/wp-content\/uploads\/2023\/07\/M-fav-14-Matthias-Daehling-Mar-2023-1536x1025.jpg 1536w, https:\/\/matthiasdaehling.com\/wp-content\/uploads\/2023\/07\/M-fav-14-Matthias-Daehling-Mar-2023-2048x1366.jpg 2048w, https:\/\/matthiasdaehling.com\/wp-content\/uploads\/2023\/07\/M-fav-14-Matthias-Daehling-Mar-2023-18x12.jpg 18w\" sizes=\"auto, (max-width: 1024px) 100vw, 1024px\" \/><\/a><\/figure>\n\n\n\n<figure class=\"wp-block-image size-large\"><a href=\"https:\/\/matthiasdaehling.com\/wp-content\/uploads\/2023\/07\/329-PREVIEW-Matthias-Daehling-Mar-2023-scaled.jpg\" target=\"_blank\" rel=\"noopener\"><img loading=\"lazy\" decoding=\"async\" width=\"1024\" height=\"683\" data-id=\"548\" src=\"https:\/\/matthiasdaehling.com\/wp-content\/uploads\/2023\/07\/329-PREVIEW-Matthias-Daehling-Mar-2023-1024x683.jpg\" alt=\"\" class=\"wp-image-548\" srcset=\"https:\/\/matthiasdaehling.com\/wp-content\/uploads\/2023\/07\/329-PREVIEW-Matthias-Daehling-Mar-2023-1024x683.jpg 1024w, https:\/\/matthiasdaehling.com\/wp-content\/uploads\/2023\/07\/329-PREVIEW-Matthias-Daehling-Mar-2023-300x200.jpg 300w, https:\/\/matthiasdaehling.com\/wp-content\/uploads\/2023\/07\/329-PREVIEW-Matthias-Daehling-Mar-2023-768x512.jpg 768w, https:\/\/matthiasdaehling.com\/wp-content\/uploads\/2023\/07\/329-PREVIEW-Matthias-Daehling-Mar-2023-391x260.jpg 391w, https:\/\/matthiasdaehling.com\/wp-content\/uploads\/2023\/07\/329-PREVIEW-Matthias-Daehling-Mar-2023-1536x1025.jpg 1536w, https:\/\/matthiasdaehling.com\/wp-content\/uploads\/2023\/07\/329-PREVIEW-Matthias-Daehling-Mar-2023-2048x1366.jpg 2048w, https:\/\/matthiasdaehling.com\/wp-content\/uploads\/2023\/07\/329-PREVIEW-Matthias-Daehling-Mar-2023-18x12.jpg 18w\" sizes=\"auto, (max-width: 1024px) 100vw, 1024px\" \/><\/a><\/figure>\n<\/figure>\n\n\n\n<div style=\"height:var(--wp--preset--spacing--x-small)\" aria-hidden=\"true\" class=\"wp-block-spacer\"><\/div>\n\n\n\n<div style=\"height:10px\" aria-hidden=\"true\" class=\"wp-block-spacer\"><\/div>\n\n\n\n<figure class=\"wp-block-audio\"><audio controls src=\"https:\/\/matthiasdaehling.com\/wp-content\/uploads\/2024\/05\/Buxtehude-Quid-sunt-tibi-1.mp3\"><\/audio><figcaption class=\"wp-element-caption\">D. Buxtehude <strong>Membra Jesu Nostri <\/strong>Ad genua &#8211; <em>Quid sum tibi responsurus<\/em> (live, 03.2024)<\/figcaption><\/figure>\n\n\n\n<div style=\"height:20px\" aria-hidden=\"true\" class=\"wp-block-spacer\"><\/div>\n\n\n\n<figure class=\"wp-block-audio\"><audio controls src=\"https:\/\/matthiasdaehling.com\/wp-content\/uploads\/2024\/05\/08-Dowland-Lachrymae-2.mp3\"><\/audio><figcaption class=\"wp-element-caption\">J. Dowland: Flow my tears (live, 03.2024)<\/figcaption><\/figure>\n\n\n\n<div style=\"height:10px\" aria-hidden=\"true\" class=\"wp-block-spacer\"><\/div>\n\n\n\n<figure class=\"wp-block-embed is-type-rich is-provider-spotify wp-block-embed-spotify wp-embed-aspect-21-9 wp-has-aspect-ratio\"><div class=\"wp-block-embed__wrapper\">\n<iframe title=\"Spotify Embed: Schm\u00fcgel &amp; Telemann: War &amp; Peace\" style=\"border-radius: 12px\" width=\"100%\" height=\"352\" frameborder=\"0\" allowfullscreen allow=\"autoplay; clipboard-write; encrypted-media; fullscreen; picture-in-picture\" loading=\"lazy\" src=\"https:\/\/open.spotify.com\/embed\/album\/31kpYbj83cgNdnLENhIV0G?si=7MYcQGCNQPO1JthxHjBzfQ&#038;utm_source=oembed\"><\/iframe>\n<\/div><\/figure>\n\n\n\n<figure class=\"wp-block-embed is-type-video is-provider-youtube wp-block-embed-youtube wp-embed-aspect-16-9 wp-has-aspect-ratio\"><div class=\"wp-block-embed__wrapper\">\n<iframe loading=\"lazy\" title=\"M. Ravel: Trois po\u00e8mes de St\u00e9phane Mallarm\u00e9 - 1. Soupir\" width=\"950\" height=\"534\" src=\"https:\/\/www.youtube.com\/embed\/dSC-ZTdX2xI?feature=oembed\" frameborder=\"0\" allow=\"accelerometer; autoplay; clipboard-write; encrypted-media; gyroscope; picture-in-picture; web-share\" referrerpolicy=\"strict-origin-when-cross-origin\" allowfullscreen><\/iframe>\n<\/div><\/figure>\n\n\n\n<figure class=\"wp-block-embed is-type-video is-provider-youtube wp-block-embed-youtube wp-embed-aspect-16-9 wp-has-aspect-ratio\"><div class=\"wp-block-embed__wrapper\">\n<iframe loading=\"lazy\" title=\"C.H. Graun &quot;Augen machet euch bereit&quot; (Aria) - Matthias D\u00e4hling\" width=\"950\" height=\"534\" src=\"https:\/\/www.youtube.com\/embed\/HppVSxb4jSw?feature=oembed\" frameborder=\"0\" allow=\"accelerometer; autoplay; clipboard-write; encrypted-media; gyroscope; picture-in-picture; web-share\" referrerpolicy=\"strict-origin-when-cross-origin\" allowfullscreen><\/iframe>\n<\/div><\/figure>\n\n\n\n<figure class=\"wp-block-embed aligncenter is-type-rich is-provider-soundcloud wp-block-embed-soundcloud\"><div class=\"wp-block-embed__wrapper\">\n<iframe loading=\"lazy\" title=\"J.S. Bach: Ich Will Auch Mit Gebrochnen Augen by matthiasdaehling\" width=\"950\" height=\"400\" scrolling=\"no\" frameborder=\"no\" src=\"https:\/\/w.soundcloud.com\/player\/?visual=true&#038;url=https%3A%2F%2Fapi.soundcloud.com%2Ftracks%2F1717503738&#038;show_artwork=true&#038;maxheight=1000&#038;maxwidth=950\"><\/iframe>\n<\/div><\/figure>","protected":false},"excerpt":{"rendered":"","protected":false},"author":1,"featured_media":0,"parent":0,"menu_order":0,"comment_status":"closed","ping_status":"closed","template":"","meta":{"inspiro_hide_title":false,"footnotes":""},"class_list":["post-672","page","type-page","status-publish","hentry"],"_links":{"self":[{"href":"https:\/\/matthiasdaehling.com\/en\/wp-json\/wp\/v2\/pages\/672","targetHints":{"allow":["GET"]}}],"collection":[{"href":"https:\/\/matthiasdaehling.com\/en\/wp-json\/wp\/v2\/pages"}],"about":[{"href":"https:\/\/matthiasdaehling.com\/en\/wp-json\/wp\/v2\/types\/page"}],"author":[{"embeddable":true,"href":"https:\/\/matthiasdaehling.com\/en\/wp-json\/wp\/v2\/users\/1"}],"replies":[{"embeddable":true,"href":"https:\/\/matthiasdaehling.com\/en\/wp-json\/wp\/v2\/comments?post=672"}],"version-history":[{"count":13,"href":"https:\/\/matthiasdaehling.com\/en\/wp-json\/wp\/v2\/pages\/672\/revisions"}],"predecessor-version":[{"id":911,"href":"https:\/\/matthiasdaehling.com\/en\/wp-json\/wp\/v2\/pages\/672\/revisions\/911"}],"wp:attachment":[{"href":"https:\/\/matthiasdaehling.com\/en\/wp-json\/wp\/v2\/media?parent=672"}],"curies":[{"name":"wp","href":"https:\/\/api.w.org\/{rel}","templated":true}]}}